{"id":3,"date":"2021-05-14T18:38:46","date_gmt":"2021-05-14T18:38:46","guid":{"rendered":"https:\/\/blancarubal.com\/?page_id=3"},"modified":"2021-05-16T00:02:49","modified_gmt":"2021-05-16T00:02:49","slug":"privacy-policy","status":"publish","type":"page","link":"https:\/\/blancarubal.com\/en\/privacy-policy\/","title":{"rendered":"Pol\u00edtica de Privacidad"},"content":{"rendered":"<p>Con motivo de la aplicaci\u00f3n directa del Reglamento (UE) 2016\/679 del Parlamento Europeo y del Consejo de 27 de abril de 2016 relativo a la protecci\u00f3n de las personas f\u00edsicas en lo que respecta al tratamiento de datos personales y a la libre circulaci\u00f3n de \u00e9stos (RGPD), te informamos que hemos operado distintos cambios destinados a proporcionarte el mejor servicio posible y a cumplir la nueva normativa y el conjunto de requisitos establecidos por el RGPD.<br>Tambi\u00e9n hemos actualizado nuestra Pol\u00edtica de Privacidad para ofrecer la mayor transparencia y claridad sobre el tratamiento y acceso a los datos de car\u00e1cter personal de nuestra comunidad.<\/p>\n\n\n\n<p><br>\u2022 Cualquier persona tiene derecho a obtener informaci\u00f3n sobre si desde la web <strong>blancarubal.com<\/strong> est\u00e1 tratando datos personales que les conciernan, o no.<br>\u2022 Las personas interesadas tienen derecho a acceder a sus datos personales, as\u00ed como a solicitar la rectificaci\u00f3n de los datos inexactos o, en su caso, solicitar su supresi\u00f3n cuando, entre otros motivos, los datos ya no sean necesarios para los fines que fueron recogidos.<br>\u2022 En determinadas circunstancias, los interesados podr\u00e1n solicitar la limitaci\u00f3n del tratamiento de sus datos, en cuyo caso \u00fanicamente los conservaremos para el ejercicio o defensa de reclamaciones.<br>\u2022 Podr\u00e1 ejercitar materialmente sus derechos enviando un correo electr\u00f3nico a (<strong>blancarubal@blancarubal.com<\/strong>), identific\u00e1ndose debidamente e indicando de forma expresa el concreto derecho que se quiere ejercer.<br>\u2022 Si ha otorgado su consentimiento para alguna finalidad concreta, tiene derecho a retirar el consentimiento otorgado en cualquier momento, sin que ello afecte e la licitud del tratamiento basado en el consentimiento previo a su retirada.<br>\u2022 En caso de que sienta vulnerados sus derechos en lo concerniente a la protecci\u00f3n de sus datos personales, especialmente cuando no haya obtenido satisfacci\u00f3n en el ejercicio de sus derechos, puede presentar una reclamaci\u00f3n ante la Autoridad de Control en materia de Protecci\u00f3n de Datos competente a trav\u00e9s de su sitio web: <strong>https:\/\/blancarubal.com<\/strong><\/p>","protected":false},"excerpt":{"rendered":"<p>Con motivo de la aplicaci\u00f3n directa del Reglamento (UE) 2016\/679 del Parlamento Europeo y del Consejo de 27 de abril de 2016 relativo a la protecci\u00f3n de las personas f\u00edsicas en lo que respecta al tratamiento de datos personales y a la libre circulaci\u00f3n de \u00e9stos (RGPD), te informamos que hemos operado distintos cambios destinados [&hellip;]<\/p>","protected":false},"author":1,"featured_media":0,"parent":0,"menu_order":0,"comment_status":"closed","ping_status":"open","template":"","meta":{"footnotes":""},"class_list":["post-3","page","type-page","status-publish","hentry"],"_links":{"self":[{"href":"https:\/\/blancarubal.com\/en\/wp-json\/wp\/v2\/pages\/3","targetHints":{"allow":["GET"]}}],"collection":[{"href":"https:\/\/blancarubal.com\/en\/wp-json\/wp\/v2\/pages"}],"about":[{"href":"https:\/\/blancarubal.com\/en\/wp-json\/wp\/v2\/types\/page"}],"author":[{"embeddable":true,"href":"https:\/\/blancarubal.com\/en\/wp-json\/wp\/v2\/users\/1"}],"replies":[{"embeddable":true,"href":"https:\/\/blancarubal.com\/en\/wp-json\/wp\/v2\/comments?post=3"}],"version-history":[{"count":1,"href":"https:\/\/blancarubal.com\/en\/wp-json\/wp\/v2\/pages\/3\/revisions"}],"predecessor-version":[{"id":10,"href":"https:\/\/blancarubal.com\/en\/wp-json\/wp\/v2\/pages\/3\/revisions\/10"}],"wp:attachment":[{"href":"https:\/\/blancarubal.com\/en\/wp-json\/wp\/v2\/media?parent=3"}],"curies":[{"name":"wp","href":"https:\/\/api.w.org\/{rel}","templated":true}]}}